{"id":77,"date":"2025-11-26T14:07:25","date_gmt":"2025-11-26T13:07:25","guid":{"rendered":"https:\/\/champagnebeaufort.com\/wp\/?page_id=77"},"modified":"2025-11-27T09:44:18","modified_gmt":"2025-11-27T08:44:18","slug":"contact","status":"publish","type":"page","link":"https:\/\/champagnebeaufort.com\/index.php\/contact\/","title":{"rendered":"Contact"},"content":{"rendered":"\n<div class=\"wp-block-nk-awb nk-awb nk-awb-fullheight nk-awb-content-valign-center alignfull is-layout-constrained wp-block-nk-awb-is-layout-constrained\"><div class=\"nk-awb-wrap\" data-awb-type=\"image\" data-awb-parallax=\"opacity\" data-awb-parallax-speed=\"0.5\" data-awb-parallax-mobile=\"false\" data-awb-image-background-size=\"cover\" data-awb-image-background-position=\"50% 50%\"><div class=\"nk-awb-inner\"><img loading=\"lazy\" decoding=\"async\" src=\"https:\/\/champagnebeaufort.com\/wp-content\/uploads\/2025\/11\/000129-scaled.jpeg\" class=\"wp-image-127 jarallax-img\" width=\"2560\" height=\"1707\" srcset=\"https:\/\/champagnebeaufort.com\/wp-content\/uploads\/2025\/11\/000129-scaled.jpeg 2560w, https:\/\/champagnebeaufort.com\/wp-content\/uploads\/2025\/11\/000129-300x200.jpeg 300w, https:\/\/champagnebeaufort.com\/wp-content\/uploads\/2025\/11\/000129-1024x683.jpeg 1024w, https:\/\/champagnebeaufort.com\/wp-content\/uploads\/2025\/11\/000129-768x512.jpeg 768w, https:\/\/champagnebeaufort.com\/wp-content\/uploads\/2025\/11\/000129-1536x1024.jpeg 1536w, https:\/\/champagnebeaufort.com\/wp-content\/uploads\/2025\/11\/000129-2048x1365.jpeg 2048w, https:\/\/champagnebeaufort.com\/wp-content\/uploads\/2025\/11\/000129-500x333.jpeg 500w, https:\/\/champagnebeaufort.com\/wp-content\/uploads\/2025\/11\/000129-800x533.jpeg 800w, https:\/\/champagnebeaufort.com\/wp-content\/uploads\/2025\/11\/000129-1280x853.jpeg 1280w, https:\/\/champagnebeaufort.com\/wp-content\/uploads\/2025\/11\/000129-1920x1280.jpeg 1920w\" sizes=\"auto, (max-width: 2560px) 100vw, 2560px\" \/><\/div><\/div><div class=\"nk-awb-wrap-content\"><\/div><\/div>\n\n\n\n<fieldset><legend><h2>Pour tout contact<\/h2><\/legend><div id=\"simple-contact-form-wrap\">\r\n\t\t<div id=\"simple-contact-form\" class=\"scf\">\r\n\t\t\t<form action=\"#simple-contact-form-wrap\" method=\"post\">\r\n\t\t\t\t<div class=\"scf-row scf-name\">\r\n\t\t\t\t\t<label for=\"scf_name\">Votre Nom<\/label>\r\n\t\t\t\t\t<input name=\"scf_name\" id=\"scf_name\" type=\"text\" size=\"33\" maxlength=\"99\" value=\"\" placeholder=\"Votre Nom\" \/>\r\n\t\t\t\t<\/div>\r\n\t\t\t\t<div class=\"scf-row scf-email\">\r\n\t\t\t\t\t<label for=\"scf_email\">Votre Email<\/label>\r\n\t\t\t\t\t<input name=\"scf_email\" id=\"scf_email\" type=\"text\" size=\"33\" maxlength=\"99\" value=\"\" placeholder=\"Votre Email\" \/>\r\n\t\t\t\t<\/div>\r\n\t\t\t\t<div class=\"scf-row scf-response\">\r\n\t\t\t\t\t<label for=\"scf_response\">1 x 6 =<\/label>\r\n\t\t\t\t\t<input name=\"scf_response\" id=\"scf_response\" type=\"text\" size=\"33\" maxlength=\"99\" value=\"\" placeholder=\"R\u00e9ponse correct\" \/>\r\n\t\t\t\t<\/div>\r\n\t\t\t<div class=\"scf-row scf-website3dhhsy3\">\r\n\t\t\t\t<label for=\"website3dhhsy3\">Leave this field empty<\/label>\r\n\t\t\t\t<input type=\"text\" name=\"website3dhhsy3\" tabindex=\"-1\" autocomplete=\"off\" \/>\r\n\t\t\t<\/div>\r\n\t\t\t\t<div class=\"scf-row scf-message\">\r\n\t\t\t\t\t<label for=\"scf_message\">Votre Message<\/label>\r\n\t\t\t\t\t<textarea name=\"scf_message\" id=\"scf_message\" cols=\"33\" rows=\"7\" placeholder=\"Votre Message\"><\/textarea>\r\n\t\t\t\t<\/div><div class=\"scf-submit\">\r\n\t\t\t\t\t<input type=\"submit\" id=\"scf-button\" value=\"Envoyer\">\r\n\t\t\t\t\t<input type=\"hidden\" id=\"scf-key\" name=\"scf-key\" value=\"process\">\r\n\t\t\t\t\t<input type=\"hidden\" id=\"scf-nonce\" name=\"scf-nonce\" value=\"a005fbdf8c\" \/>\r\n\t\t\t\t<\/div>\t<div class=\"scf-confirm-checkbox\">\r\n\t\t<label><input type=\"checkbox\" required> I consent to having this website store my submitted information so they can respond to my inquiry. See our privacy policy to learn more how we use data.<\/label>\r\n\t<\/div><!-- .scf-confirm-checkbox -->\r\n\t<\/form>\r\n\t\t<\/div>\r\n\t\t<style>.scf-confirm-checkbox { margin-top: 15px; } .scf-website3dhhsy3 { display: none; } #simple-contact-form .scf-row { width: 100%; overflow: hidden; margin: 5px 0; padding: 5px 0; border: 0; } #simple-contact-form .scf-row input { box-sizing: border-box; float: left; clear: none; width: 75%; margin: 0; } #simple-contact-form .scf-row label { box-sizing: border-box; float: left; clear: both; width: 25%; margin-top: 5px; font-size: 90%; } #simple-contact-form .scf-row textarea { box-sizing: border-box; float: left; clear: both; width: 100%; margin-top: 2px; }#simple-contact-form form { max-width: 700px; padding: 5px; } #simple-contact-form .scf-row { width: 100%; overflow: hidden; margin: 5px 0; padding: 5px 0; border: 0; } #simple-contact-form .scf-row input { box-sizing: border-box; float: left; clear: none; width: 75%; margin: 0; } #simple-contact-form .scf-row label { box-sizing: border-box; float: left; clear: both; width: 25%; margin-top: 5px; font-size: 90%; } #simple-contact-form .scf-row textarea { box-sizing: border-box; float: left; clear: both; width: 100%; margin-top: 2px; } #scf_success pre { white-space: pre-wrap; } p.scf_error, p.scf_spam { color: #cc0000; } div.scf-submit { margin-top: 10px; } p.scf_success { color: #669966; } .scf-confirm-checkbox { margin-top: 15px; } .scf-website3dhhsy3 { display: none; }<\/style><div style=\"clear:both\">&nbsp;<\/div><\/div><\/fieldset>\n\n\n\n<fieldset><legend><h2>Nos Coordonn\u00e9es<\/h2><\/legend>\n<div><h3>Champagne Andr\u00e9 Beaufort &#8211; Sarl Andr\u00e9 Beaufort<\/h3><br><span class=\"type\"><br><span class=\"value\">Adresse de Polisy : <\/span><br><\/span><br>2 chemin du Ru D\u00e9sir\u00e9 &#8211;<br>10110 Polisy<br>France &#8211; Tel :<br><br>+33 326 570 151<br><br><span class=\"type\"><span class=\"value\">Adresse d&rsquo;Ambonnay : <\/span><br><\/span><br>1 rue de Vaudemanges &#8211;<br>51150 Ambonnay<br><br><\/div>\n<p>TVA FR 23 498 250 430 &#8211; ACC FR007 823 E 0411<\/p>\n<\/fieldset>\n\n\n\n<fieldset><legend><h2>Nous Trouver<\/h2><\/legend>\n\n\n<div class=\"open-user-map \">\n\n  \n  \n  <!-- Map Container -->\n  <div class=\"oum-map-container\">\n    \n<div class=\"box-wrap map-size-default \">\n  \n  <div class=\"map-wrap\">\n    <div class=\"oum-loading-overlay\">\n      <div class=\"oum-loading-spinner\"><\/div>\n    <\/div>\n    <div id=\"map-20210929\" class=\"leaflet-map map-style_MapBox.streets\" data-oum-tile-provider-container=\"mapbox\"><\/div>\n    \n    \n    \n    \n    \n    \n    <script type=\"text\/javascript\" id=\"oum-init-map\" data-category=\"functional\" class=\"cmplz-native\" data-oum-tile-provider=\"mapbox\">\n\n      map_el = `map-20210929`;\n\n      if(document.getElementById(map_el)) {\n        \/* Transfer PHP array to JS json *\/\n        var oum_all_locations = [{\"title\":\"Ambonnay\",\"lat\":\"49.075676\",\"lng\":\"4.176462\",\"zoom\":\"16\",\"content\":\"\\u003Cdiv class=\\u0022oum_location_text\\u0022\\u003E\\u003Cdiv class=\\u0022oum_location_title\\u0022\\u003E\\u003Ch3 class=\\u0022oum_location_name\\u0022\\u003EAmbonnay\\u003C\/h3\\u003E\\u003C\/div\\u003E\\u003Cdiv class=\\u0022oum_location_text_bottom\\u0022\\u003E\\u003C\/div\\u003E\\u003C\/div\\u003E\\u003Cdiv class=\\u0022edit-location-button-placeholder\\u0022 data-post-id=\\u0022161\\u0022\\u003E\\u003C\/div\\u003E\\u003Cdiv style=\\u0022display: none\\u0022\\u003Eambonnay\\u003C\/div\\u003E\",\"icon\":\"https:\/\/champagnebeaufort.com\/wp-content\/plugins\/open-user-map\/src\/leaflet\/images\/marker-icon_custom1-2x.png\",\"types\":[],\"post_id\":\"161\",\"address\":\"\",\"text\":\"\",\"image\":\"\",\"audio\":\"\",\"video\":\"\",\"custom_fields\":[],\"votes\":0,\"star_rating_avg\":0,\"star_rating_count\":0},{\"title\":\"Polisy\",\"lat\":\"48.062978\",\"lng\":\"4.380432\",\"zoom\":\"16\",\"content\":\"\\u003Cdiv class=\\u0022oum_location_text\\u0022\\u003E\\u003Cdiv class=\\u0022oum_location_title\\u0022\\u003E\\u003Ch3 class=\\u0022oum_location_name\\u0022\\u003EPolisy\\u003C\/h3\\u003E\\u003C\/div\\u003E\\u003Cdiv class=\\u0022oum_location_text_bottom\\u0022\\u003E\\u003C\/div\\u003E\\u003C\/div\\u003E\\u003Cdiv class=\\u0022edit-location-button-placeholder\\u0022 data-post-id=\\u0022159\\u0022\\u003E\\u003C\/div\\u003E\\u003Cdiv style=\\u0022display: none\\u0022\\u003Epolisy\\u003C\/div\\u003E\",\"icon\":\"https:\/\/champagnebeaufort.com\/wp-content\/plugins\/open-user-map\/src\/leaflet\/images\/marker-icon_custom1-2x.png\",\"types\":[],\"post_id\":\"159\",\"address\":\"\",\"text\":\"\",\"image\":\"\",\"audio\":\"\",\"video\":\"\",\"custom_fields\":[],\"votes\":0,\"star_rating_avg\":0,\"star_rating_count\":0}];\n\n        \/\/ Wait for the main initialization function to be available, then call it\n        function oumWaitForMainInit() {\n          if (typeof oumInitializeMap === 'function') {\n            console.log('\ud83d\uddfa\ufe0f Open User Map: Starting');\n            \n            \/\/ Initialize the map\n            oumInitializeMap();\n          } else {\n            setTimeout(oumWaitForMainInit, 100);\n          }\n        }\n        \n        setTimeout(oumWaitForMainInit, 100);\n      }\n\n    <\/script>\n\n    <script type=\"text\/javascript\" id=\"oum-inline-js\" \n      data-category=\"functional\" \n      class=\"cmplz-native\" \n      data-minify=\"0\"\n      data-no-optimize=\"1\"\n      data-no-defer=\"1\"\n      data-no-combine=\"1\"\n      data-cfasync=\"false\"\n      data-pagespeed-no-defer\n      data-boot=\"1\">\n\n      map_el = `map-20210929`;\n\n      if(document.getElementById(map_el)) {\n\n        \/\/ Wait for OUMLoader to be defined\n        function oumLoading() {\n          if (typeof OUMLoader !== 'undefined') {\n            \/\/ Initialize loader for this map\n            OUMLoader.initLoader(map_el);\n\n            \/\/ Add event listener for map initialization complete\n            document.addEventListener('oum:map_initialized', function(e) {\n              if (e.detail.mapId === map_el) {\n                OUMLoader.setMapInitialized(map_el);\n              }\n            });\n          } else {\n            \/\/ If OUMLoader is not yet defined, wait and try again\n            setTimeout(oumLoading, 100);\n          }\n        }\n\n        \/\/ OUM Loading Spinner\n        oumLoading();\n\n        \/\/ OUM inline JS variables\n        var mapStyle = `MapBox.streets`;\n        var oum_tile_provider_mapbox_key = `pk.eyJ1IjoiY29uc3RhbnRiMTIzIiwiYSI6ImNsbmluY2FnbzFpcTEyc21qZmw0c245MGwifQ.wO44BGLw0R3vDw6POevtsQ`;\n        var marker_icon_url = `https:\/\/champagnebeaufort.com\/wp-content\/plugins\/open-user-map\/src\/leaflet\/images\/marker-icon_custom1-2x.png`;\n        var marker_shadow_url = `https:\/\/champagnebeaufort.com\/wp-content\/plugins\/open-user-map\/src\/leaflet\/images\/marker-shadow.png`;\n        var oum_enable_scrollwheel_zoom_map = false;\n        var oum_enable_cluster = true;\n        var oum_enable_fullscreen = false;\n\n        var oum_enable_searchbar = false;\n        var oum_searchbar_type = `address`;\n\n        var oum_geosearch_selected_provider = ``; \n        var oum_geosearch_provider = `osm`;\n        var oum_geosearch_provider_geoapify_key = ``;\n        var oum_geosearch_provider_here_key = ``;\n        var oum_geosearch_provider_mapbox_key = ``;\n        \n        var oum_enable_searchaddress_button = false;\n        var oum_searchaddress_label = `Search for address`;\n\n        var oum_enable_searchmarkers_button = false;\n        var oum_searchmarkers_label = `Find marker`;\n        var oum_searchmarkers_zoom = `8`;\n\n        var oum_enable_currentlocation = false;\n        var oum_action_after_submit = `text`;\n        var thankyou_redirect = ``;\n        var start_lat = Number(46.920255315375);\n        var start_lng = Number(2.28515625);\n        var start_zoom = Number(5);\n        \n        var oum_enable_fixed_map_bounds = ``;\n        var oum_use_settings_start_location = true;\n        var oum_has_regions = false;\n        var oum_enable_multiple_marker_types = `false`;\n        var oum_hide_filterbox = false;\n        var oum_enable_address = ``;\n        var oum_enable_address_autofill = ``;\n\n        \/\/ WordPress timezone for opening hours calculations\n        var oum_wordpress_timezone = `Europe\/Paris`;\n\n        \/\/ Custom Image data\n        var oum_custom_image_url = ``;\n        var oum_custom_image_bounds = {};\n        var oum_custom_image_hide_tiles = false;\n        var oum_custom_image_background_color = `#ffffff`;\n\n        var oum_location = {};\n        var oum_custom_css = '';\n        var oum_custom_script = '';\n        var oum_max_image_filesize = 10;\n        var oumMap;\n        var oumMap2;\n\n        \/**\n         * Conditional Field Feature\n         * \n         * @param {string} sourceField - The source field selector\n         * @param {string} targetField - The target field selector\n         * @param {array} condShow - The values that should show the target field\n         * @param {array|null} condHide - The values that should hide the target field. If empty\/null\/undefined, the field will be hidden when condShow is not met.\n         *\/\n        var oumConditionalField = (sourceField, targetField, condShow, condHide = null) => {\n            const sourceElements = document.querySelectorAll(sourceField); \/\/ Select all radios\/checkboxes or single select\n            const targetElementWrapper = document.querySelector(targetField)?.parentElement; \/* works with custom fields only *\/\n\n            \/\/ Check if both sourceElements and targetElementWrapper exist\n            if (!sourceElements.length) {\n                console.warn(`OUM: Source field(s) not found: ${sourceField}`);\n                return;\n            }\n\n            if (!targetElementWrapper) {\n                console.warn(`OUM: Target field wrapper not found: ${targetField}`);\n                return;\n            }\n\n            \/* Event listener for change *\/\n            const onChangeHandler = function() {\n                \/\/ Get selected values for checkboxes and single selected value for radios\/select\n                const selectedValues = Array.from(sourceElements)\n                    .filter(element => element.checked || element.tagName === 'SELECT')\n                    .map(element => element.value);\n\n                const selectedValue = selectedValues[0]; \/\/ For radios and selects, we use only the first (and only) value\n\n                console.log('OUM: run condition', {selectedValue, sourceField, targetField, condShow, condHide});\n                \n                \/\/ Show or hide target field based on the selected value(s)\n                if (condShow.includes(selectedValue)) {\n                    \/\/ Show the field if condShow condition is met\n                    targetElementWrapper.style.display = 'block';\n                } else if (condHide && Array.isArray(condHide) && condHide.length > 0 && condHide.includes(selectedValue)) {\n                    \/\/ Hide the field if condHide is provided and condition is met\n                    targetElementWrapper.style.display = 'none';\n                } else if (!condHide || (Array.isArray(condHide) && condHide.length === 0)) {\n                    \/\/ If condHide is empty\/null\/undefined, hide the field when condShow is not met\n                    targetElementWrapper.style.display = 'none';\n                }\n            };\n\n            \/* Attach the event listener to each radio\/checkbox or select *\/\n            sourceElements.forEach(element => {\n                element.addEventListener('change', onChangeHandler);\n            });\n\n            \/* Trigger initially *\/\n            onChangeHandler(); \/\/ Call it directly to set initial state\n        };\n\n        \/**\n         * Add Custom Styles\n         *\/\n        \n                            \/* custom color *\/\n          oum_custom_css += `\n            .open-user-map .add-location #close-add-location-overlay:hover {color: #1e73be !important}\n            .open-user-map .box-wrap .map-wrap .open-add-location-overlay {background-color: #1e73be !important}\n            .open-user-map .box-wrap .map-wrap .open-add-location-overlay:hover,\n            .open-user-map .box-wrap .map-wrap .open-add-location-overlay:active {background-color: #1b68ab !important}\n            .open-user-map .box-wrap .map-wrap .oum-filter-controls .oum-filter-list .close-filter-list:hover {color: #1e73be !important}\n            .open-user-map .oum-advanced-filter-button .oum-advanced-filter-content .close-advanced-filter:hover,\n            .open-user-map .oum-advanced-filter-panel .oum-advanced-filter-content .close-advanced-filter:hover {color: #1e73be !important}\n            .open-user-map input.oum-switch[type=\"checkbox\"]:checked + label::before {background-color: #1e73be !important}\n            .open-user-map .add-location .location-overlay-content #oum_add_location .oum-required-indicator {color: #1e73be !important}\n            .open-user-map .add-location .location-overlay-content #oum_add_location h2 {color: #1e73be !important}\n            .open-user-map .add-location .location-overlay-content #oum_add_location input[type=text]:focus,\n            .open-user-map .add-location .location-overlay-content #oum_add_location input[type=email]:focus,\n            .open-user-map .add-location .location-overlay-content #oum_add_location input[type=url]:focus,\n            .open-user-map .add-location .location-overlay-content #oum_add_location textarea:focus,\n            .open-user-map .add-location .location-overlay-content #oum_add_location select:focus {border-color: #1e73be !important; box-shadow: 0 0 0 2px #1e73be1a !important}\n            .open-user-map .add-location .location-overlay-content #oum_add_location_thankyou h3 {color: #1e73be !important}\n            .open-user-map .oum_location_text a {color: #1e73be !important}\n            .open-user-map .oum_location_text .oum_vote_button_wrap .oum_vote_button.voted {background: #1e73be !important; border-color: #1e73be !important;}\n            .open-user-map .oum-tabs {border-color: #1e73be !important}\n            .open-user-map .oum-tabs .nav-item:hover {color: #1e73be !important; border-color: #1e73be !important}\n            .open-user-map .oum-tabs .nav-item.active {color: #1e73be !important; border-color: #1e73be !important}\n            .open-user-map .box-wrap .map-wrap .oum-attribution a {color: #1e73be !important;}\n            \/* Submit Button *\/\n            .open-user-map .add-location .location-overlay-content #oum_add_location input[type=submit] {background-color: #1e73be !important; border-color: #1e73be !important;}\n            .open-user-map .add-location .location-overlay-content #oum_add_location input[type=submit]:hover,\n            .open-user-map .add-location .location-overlay-content #oum_add_location input[type=submit]:active {background-color: #1b68ab !important;}\n            \/* Message CTA Buttons *\/\n            .open-user-map .add-location .location-overlay-content #oum_add_location_thankyou button {background-color: #1e73be !important; border-color: #1e73be !important;}\n            .open-user-map .add-location .location-overlay-content #oum_add_location_thankyou button:hover,\n            .open-user-map .add-location .location-overlay-content #oum_add_location_thankyou button:active {background-color: #1b68ab !important;}\n            .open-user-map .add-location .location-overlay-content .oum-delete-confirmation button {background-color: #1e73be !important; border-color: #1e73be !important;}\n            .open-user-map .add-location .location-overlay-content .oum-delete-confirmation button:hover,\n            .open-user-map .add-location .location-overlay-content .oum-delete-confirmation button:active {background-color: #1b68ab !important;}\n            \/* Media Section Colors *\/\n            .open-user-map .add-location .location-overlay-content #oum_add_location .oum_media .media-upload label {color: #1e73be !important}\n            .open-user-map .add-location .location-overlay-content #oum_add_location .oum_media .oum-image-upload .media-upload-top label .multi-upload-indicator {background: #1e73be !important}\n            .open-user-map .add-location .location-overlay-content #oum_add_location .oum_media .oum-video-upload input[type=text]:hover {border-color: #1e73be !important}\n            .open-user-map .add-location .location-overlay-content #oum_add_location .oum_media .oum-video-upload input[type=text]:focus {border-color: #1e73be !important; box-shadow: 0 0 0 2px #1e73be1a !important}\n            .open-user-map .add-location .location-overlay-content #oum_add_location .oum_media .image-preview-placeholder {border-color: #1e73be !important; background: #1e73be0a !important}\n            .open-user-map .add-location .location-overlay-content #oum_add_location .oum_media .oum-image-preview-grid .image-preview-item.dragging {border-color: #1e73be !important}\n            \/* List Styles *\/\n            .open-user-map-locations-list .oum-locations-list-item .oum_location_text a {color: #1e73be !important} \n            .open-user-map-locations-list .oum-locations-list-item .oum_location_text .oum_vote_button_wrap .oum_vote_button.voted {background: #1e73be !important; border-color: #1e73be !important;}`;\n\n        \n        \n        \n        var custom_style = document.createElement('style');\n\n        if (custom_style.styleSheet) {\n          custom_style.styleSheet.cssText = oum_custom_css;\n        } else {\n          custom_style.appendChild(document.createTextNode(oum_custom_css));\n        }\n\n        document.getElementsByTagName('head')[0].appendChild(custom_style);\n\n        \/* Add initial CSS to prevent flash of unstyled content *\/\n        var initialStyles = document.createElement('style');\n        initialStyles.textContent = `\n          .oum-hidden {\n            opacity: 0 !important;\n            visibility: hidden !important;\n            transition: opacity 0.3s ease, visibility 0.3s ease;\n          }\n          .oum-filter-controls,\n          .open-add-location-overlay,\n          #oum_filter_markers,\n          .oum-advanced-filter-button,\n          .oum-advanced-filter-panel,\n          .oum-sidebar {\n            opacity: 0;\n            visibility: hidden;\n            transition: opacity 0.3s ease, visibility 0.3s ease;\n          }\n          .oum-filter-controls.visible,\n          .open-add-location-overlay.visible,\n          #oum_filter_markers.visible,\n          .oum-advanced-filter-button.visible,\n          .oum-advanced-filter-panel.visible,\n          .oum-sidebar.visible {\n            opacity: 1;\n            visibility: visible;\n          }\n        `;\n        document.head.appendChild(initialStyles);\n\n      }\n    <\/script>\n\n  <\/div>\n\n<\/div>\n  <\/div>\n\n<\/div><\/fieldset>\n","protected":false},"excerpt":{"rendered":"<p>Pour tout contact Nos Coordonn\u00e9es Champagne Andr\u00e9 Beaufort &#8211; Sarl Andr\u00e9 Beaufort Adresse de Polisy : 2 chemin du Ru [&hellip;]<\/p>\n","protected":false},"author":1,"featured_media":0,"parent":0,"menu_order":0,"comment_status":"closed","ping_status":"closed","template":"","meta":{"site-sidebar-layout":"default","site-content-layout":"","ast-site-content-layout":"default","site-content-style":"default","site-sidebar-style":"default","ast-global-header-display":"","ast-banner-title-visibility":"","ast-main-header-display":"","ast-hfb-above-header-display":"","ast-hfb-below-header-display":"","ast-hfb-mobile-header-display":"","site-post-title":"disabled","ast-breadcrumbs-content":"","ast-featured-img":"","footer-sml-layout":"","theme-transparent-header-meta":"default","adv-header-id-meta":"","stick-header-meta":"","header-above-stick-meta":"","header-main-stick-meta":"","header-below-stick-meta":"","astra-migrate-meta-layouts":"set","ast-page-background-enabled":"default","ast-page-background-meta":{"desktop":{"background-color":"var(--ast-global-color-5)","background-image":"","background-repeat":"repeat","background-position":"center center","background-size":"auto","background-attachment":"scroll","background-type":"","background-media":"","overlay-type":"","overlay-color":"","overlay-opacity":"","overlay-gradient":""},"tablet":{"background-color":"","background-image":"","background-repeat":"repeat","background-position":"center center","background-size":"auto","background-attachment":"scroll","background-type":"","background-media":"","overlay-type":"","overlay-color":"","overlay-opacity":"","overlay-gradient":""},"mobile":{"background-color":"","background-image":"","background-repeat":"repeat","background-position":"center center","background-size":"auto","background-attachment":"scroll","background-type":"","background-media":"","overlay-type":"","overlay-color":"","overlay-opacity":"","overlay-gradient":""}},"ast-content-background-meta":{"desktop":{"background-color":"var(--ast-global-color-4)","background-image":"","background-repeat":"repeat","background-position":"center center","background-size":"auto","background-attachment":"scroll","background-type":"","background-media":"","overlay-type":"","overlay-color":"","overlay-opacity":"","overlay-gradient":""},"tablet":{"background-color":"var(--ast-global-color-4)","background-image":"","background-repeat":"repeat","background-position":"center center","background-size":"auto","background-attachment":"scroll","background-type":"","background-media":"","overlay-type":"","overlay-color":"","overlay-opacity":"","overlay-gradient":""},"mobile":{"background-color":"var(--ast-global-color-4)","background-image":"","background-repeat":"repeat","background-position":"center center","background-size":"auto","background-attachment":"scroll","background-type":"","background-media":"","overlay-type":"","overlay-color":"","overlay-opacity":"","overlay-gradient":""}},"footnotes":""},"class_list":["post-77","page","type-page","status-publish","hentry"],"_links":{"self":[{"href":"https:\/\/champagnebeaufort.com\/index.php\/wp-json\/wp\/v2\/pages\/77","targetHints":{"allow":["GET"]}}],"collection":[{"href":"https:\/\/champagnebeaufort.com\/index.php\/wp-json\/wp\/v2\/pages"}],"about":[{"href":"https:\/\/champagnebeaufort.com\/index.php\/wp-json\/wp\/v2\/types\/page"}],"author":[{"embeddable":true,"href":"https:\/\/champagnebeaufort.com\/index.php\/wp-json\/wp\/v2\/users\/1"}],"replies":[{"embeddable":true,"href":"https:\/\/champagnebeaufort.com\/index.php\/wp-json\/wp\/v2\/comments?post=77"}],"version-history":[{"count":12,"href":"https:\/\/champagnebeaufort.com\/index.php\/wp-json\/wp\/v2\/pages\/77\/revisions"}],"predecessor-version":[{"id":163,"href":"https:\/\/champagnebeaufort.com\/index.php\/wp-json\/wp\/v2\/pages\/77\/revisions\/163"}],"wp:attachment":[{"href":"https:\/\/champagnebeaufort.com\/index.php\/wp-json\/wp\/v2\/media?parent=77"}],"curies":[{"name":"wp","href":"https:\/\/api.w.org\/{rel}","templated":true}]}}